{"id":1474,"date":"2024-12-04T13:13:20","date_gmt":"2024-12-04T12:13:20","guid":{"rendered":"https:\/\/jar.pl\/?post_type=product&#038;p=1474"},"modified":"2025-12-01T20:01:31","modified_gmt":"2025-12-01T19:01:31","slug":"bransoletka-z-kamieniami-onyks-matowy-i-turkus-2","status":"publish","type":"product","link":"https:\/\/jar.pl\/en\/product\/bransoletka-z-kamieniami-onyks-matowy-i-turkus-2\/","title":{"rendered":"Bransoletka z kamieniami onyks matowy i turkus"},"content":{"rendered":"","protected":false},"excerpt":{"rendered":"<p class=\"v4MsoNormal\">Oryginalna, elegancka, delikatna i bardzo \u0142adna stylowa bransoletka z kamieniami onyks matowy i turkus, wykonana z nawleczonych kulek i walc\u00f3w o rozmiarze 4 mm na elastyczn\u0105 wytrzyma\u0142\u0105 gumk\u0119 kauczukow\u0105.<\/p>\n<p class=\"v4MsoNormal\">Bransoleta wykonana z niezwyk\u0142\u0105 staranno\u015bci\u0105 o detale z najwy\u017cszej jako\u015bci materia\u0142\u00f3w. Niebanalna ozdoba dla kobiety lub m\u0119\u017cczyzny. Sprawdzi si\u0119 w noszeniu na codzie\u0144 jak i w wizytowym wizerunku.<\/p>\n<p class=\"v4MsoNormal\">Ta modna i trendy bransoleta z pi\u0119knymi kamieniami wyszlifowanym na matowo i wysoki po\u0142ysk mo\u017ce by\u0107 r\u00f3wnie\u017c \u015bwietnym prezentem na r\u00f3\u017cnorodne \u015bwi\u0119ta, okazje czy rocznice.<\/p>\n<p class=\"v4MsoNormal\">Ka\u017cda bransoletka mo\u017ce si\u0119 minimalnie r\u00f3\u017cni\u0107 we wzorze i odcieniu koloru gdy\u017c wykonana jest z niepowtarzalnego kamienia.<\/p>\n<p class=\"v4MsoNormal\"><b>Onyks<\/b>\u00a0jest cennym kamieniem, odmian\u0105 chalcedonu. Odmiany onyksu r\u00f3\u017cni\u0105 si\u0119 kolorem i zawarto\u015bci\u0105 innych domieszek. Warto jednak wiedzie\u0107, \u017ce s\u0105 to inne minera\u0142y, kt\u00f3re jedynie zwyczajowo tak si\u0119 okre\u015bla. W praktyce czarny onyks (arabski) to ten w\u0142a\u015bciwy. Ju\u017c Egipcjanie przetwarzali go tak\u017ce tak, by wydoby\u0107 jego g\u0142\u0119bok\u0105 barw\u0119. Naturalny onyks znany jako arabski lub czarny jest te\u017c bardzo rzadki.<\/p>\n<p class=\"v4MsoNormal\">Jest to bardzo ceniony kamie\u0144 ju\u017c od staro\u017cytno\u015bci. Spotykamy go w wyrobach egipskich, sztuce kultury minojskiej, a nawet w Pi\u015bmie \u015awi\u0119tym \u2013 wzmiankuje go ju\u017c Ksi\u0119ga Rodzaju. Chi\u0144ski cesarz wykorzystywa\u0142 go do wyrobu piecz\u0119ci. Z biegiem czasu zacz\u0119to go u\u017cywa\u0107 tak\u017ce w innych celach \u2013 wytwarza si\u0119 pi\u0119kne pier\u015bcionki i kolczyki z onyksem, znakomicie prezentuje si\u0119 tak\u017ce bransoletka czy naszyjnik z tym pi\u0119knym minera\u0142em, docenianym w przesz\u0142o\u015bci tak samo jak i dzi\u015b.<\/p>\n<p class=\"v4MsoNormal\">Onyks zwany by\u0142 czasami kamieniem m\u0105dro\u015bci. Jego symbolika wskazuje na to, \u017ce ten minera\u0142 pomaga podejmowa\u0107 trudne decyzje i przydaje si\u0119 tym, kt\u00f3rzy szukaj\u0105 wsparcia w sytuacjach maksymalnego stresu. Przypisuje si\u0119 szczeg\u00f3ln\u0105 si\u0142\u0119 temu kamieniowi.<\/p>\n<p class=\"v4MsoNormal\">Ma korzystny wp\u0142yw na prac\u0119 nerek i p\u0119cherza, uk\u0142ad nerwowy, kr\u0119gos\u0142up, a nawet przebieg alergii. Wyroby z onyksem\u00a0 maj\u0105 te\u017c redukowa\u0107 stres i przynosi\u0107 wewn\u0119trzn\u0105 ulg\u0119, szcz\u0119\u015bcie oraz r\u00f3wnowag\u0119. Niekt\u00f3rzy traktuj\u0105 go jak talizman.<\/p>\n<p class=\"v4MsoNormal\">Podarowanie lub noszenie bi\u017cuterii z czarnym onyksem to znakomity pomys\u0142. Ma ona bardzo elegancki, powa\u017cny charakter, a jednocze\u015bnie odpowiednia kompozycja sprawia, \u017ce nabiera ekstrawaganckiego sznytu. Mo\u017ce wyda\u0107 si\u0119 czasem mroczny, a innym razem sprawia bardzo stonowane, spokojne wra\u017cenie.<\/p>\n<p class=\"v4MsoNormal\">Taka bi\u017cuteria nada si\u0119 \u015bwietnie dla osoby, kt\u00f3rej zale\u017cy na wyr\u00f3\u017cnieniu si\u0119 z t\u0142umu.<\/p>\n<p class=\"v4MsoNormal\"><b>Turkus<\/b>\u00a0to kamie\u0144 zwyci\u0119zcy.<br \/>\nTurkus we wszystkich epokach by\u0142 wybierany przez wojownik\u00f3w jako pe\u0142en energii talizman. Kamieniowi temu przypisuje bowiem si\u0119 nadzwyczaj szcz\u0119\u015bliwe w\u0142a\u015bciwo\u015bci.<\/p>\n<p class=\"v4MsoNormal\">Niebieskie turkusy zwane s\u0105 r\u00f3wnie\u017c &#8222;kamieniami niebios&#8221; a ich przeznaczeniem mia\u0142o by\u0107 wprowadzanie zgody: pojednania wrog\u00f3w i ko\u0144czenia spor\u00f3w, a tak\u017ce wyciszanie gniewu i ochrona od niego. Turkus strze\u017ce przed negatywnymi wibracjami i zapobiega stanom l\u0119kowym.<\/p>\n<p class=\"v4MsoNormal\">Bi\u017cuteria z turkusem mo\u017ce stanowi\u0107 doskona\u0142y prezent zar\u00f3wno dla pa\u0144 jak i dla pan\u00f3w. Chroni przed z\u0142ym losem i wypadkami &#8211; szczeg\u00f3lnie szcz\u0119\u015bliwy kamie\u0144 dla je\u017ad\u017ac\u00f3w i kierowc\u00f3w. Zapewnia nosz\u0105cej go osobie jasny, zr\u00f3wnowa\u017cony umys\u0142, w wyniku czego potrafi precyzyjnie formu\u0142owa\u0107 my\u015bli i zrozumiale si\u0119 wypowiada\u0107. Sprzyja zachowaniu pogody ducha, dodaje optymizmu i si\u0142 witalnych.<\/p>\n<p class=\"v4MsoNormal\">Ze wzgl\u0119du na te w\u0142a\u015bciwo\u015bci turkus jest tak\u017ce polecany osobom, kt\u00f3re cz\u0119sto si\u0119 komunikuj\u0105. Turkus to tak\u017ce symbol hojno\u015bci, szczero\u015bci i oddania. Ten kamie\u0144 inspiruje do bycia szczerym z samym sob\u0105. Pomaga zobaczy\u0107 siebie takiego, jakim jeste\u015b naprawd\u0119 i zdefiniowa\u0107, czego naprawd\u0119 od \u017cycia pragniemy. Dzi\u0119ki jego dzia\u0142aniu mo\u017cna lepiej zrozumie\u0107 siebie, swoje pomys\u0142y i emocje &#8211; sprzyja my\u015bleniu analitycznemu. Wzmaga ch\u0119\u0107 samorealizacji, pomaga rozwin\u0105\u0107 naturalne zdolno\u015bci i silne strony. Przynosi m\u0105dro\u015b\u0107, dzi\u0119ki czemu inspiruje do rozwi\u0105zywania problem\u00f3w. Stymuluje kreatywno\u015b\u0107 i pobudza wyobra\u017ani\u0119.<\/p>\n<p class=\"v4MsoNormal\">Turkus posiada tak\u017ce w\u0142a\u015bciwo\u015bci lecznicze. \u0141agodzi stany depresyjne, stosowany jest r\u00f3wnie\u017c przy leczeniu nadkwasoty a tak\u017ce w przypadku \u0142agodzenia b\u00f3l\u00f3w (w tym reumatycznych). Zapewnia tak\u017ce r\u00f3wnowag\u0119 na poziomie fizycznym, gdy\u017c wp\u0142ywa na b\u0142\u0119dnik. Przy\u015bpiesza proces regeneracji organizmu i tkanek, dzia\u0142a wzmacniaj\u0105co na serce i p\u0142uca a tak\u017ce zapobiega chorobom nowotworowym. Jest pomocny przy leczeniu infekcji wirusowych i problem\u00f3w \u017co\u0142\u0105dkowych. Korzystnie oddzia\u0142uje na p\u0142uca i gard\u0142o, jak r\u00f3wnie\u017c ca\u0142y uk\u0142ad oddechowy.<\/p>\n<p><iframe src=\"\/\/www.youtube.com\/embed\/14v3ifQ1xYw\" width=\"560\" height=\"314\" allowfullscreen=\"allowfullscreen\"><\/iframe><\/p>","protected":false},"featured_media":1691,"comment_status":"closed","ping_status":"closed","template":"","meta":[],"product_brand":[163],"product_cat":[159],"product_tag":[164,165,166,169,171,168,170,167],"class_list":{"0":"post-1474","1":"product","2":"type-product","3":"status-publish","4":"has-post-thumbnail","6":"product_brand-jar","7":"product_cat-bransoletki","8":"product_tag-bransoleta","9":"product_tag-bransoletka","10":"product_tag-bransoletka-elastyczna","11":"product_tag-bransoletka-z-kamieniami","12":"product_tag-handmade","13":"product_tag-onyks","14":"product_tag-rekodzielo","15":"product_tag-turkus","17":"first","18":"outofstock","19":"taxable","20":"shipping-taxable","21":"purchasable","22":"product-type-simple"},"_links":{"self":[{"href":"https:\/\/jar.pl\/en\/wp-json\/wp\/v2\/product\/1474","targetHints":{"allow":["GET"]}}],"collection":[{"href":"https:\/\/jar.pl\/en\/wp-json\/wp\/v2\/product"}],"about":[{"href":"https:\/\/jar.pl\/en\/wp-json\/wp\/v2\/types\/product"}],"replies":[{"embeddable":true,"href":"https:\/\/jar.pl\/en\/wp-json\/wp\/v2\/comments?post=1474"}],"wp:featuredmedia":[{"embeddable":true,"href":"https:\/\/jar.pl\/en\/wp-json\/wp\/v2\/media\/1691"}],"wp:attachment":[{"href":"https:\/\/jar.pl\/en\/wp-json\/wp\/v2\/media?parent=1474"}],"wp:term":[{"taxonomy":"product_brand","embeddable":true,"href":"https:\/\/jar.pl\/en\/wp-json\/wp\/v2\/product_brand?post=1474"},{"taxonomy":"product_cat","embeddable":true,"href":"https:\/\/jar.pl\/en\/wp-json\/wp\/v2\/product_cat?post=1474"},{"taxonomy":"product_tag","embeddable":true,"href":"https:\/\/jar.pl\/en\/wp-json\/wp\/v2\/product_tag?post=1474"}],"curies":[{"name":"wp","href":"https:\/\/api.w.org\/{rel}","templated":true}]}}